{"id":6919,"date":"2024-10-17T23:21:02","date_gmt":"2024-10-18T02:21:02","guid":{"rendered":"https:\/\/museudascoisasbanais.com.br\/exposicao\/?page_id=6919"},"modified":"2024-10-17T23:21:02","modified_gmt":"2024-10-18T02:21:02","slug":"home","status":"publish","type":"page","link":"https:\/\/museudascoisasbanais.com.br\/exposicao\/","title":{"rendered":"Home"},"content":{"rendered":"\n<div class=\"wp-block-tainacan-collections-list alignwide\" data-module=\"collections-list\"><ul style=\"grid-template-columns:repeat(auto-fill, 220px)\" class=\"collections-list  collections-layout-grid\"><li class=\"collection-list-item\" style=\"margin-bottom:12px\"><button type=\"button\" class=\"components-button has-icon\" aria-label=\"Remover\"><span class=\"dashicon dashicons dashicons-no-alt\"><\/span><\/button><a id=\"collection-id-5813\" href=\"https:\/\/museudascoisasbanais.com.br\/exposicao\/memoria-do-refugio-e-da-migracao-em-objetos\/\" class=\" \"><img decoding=\"async\" src=\"https:\/\/museudascoisasbanais.com.br\/exposicao\/wp-content\/uploads\/sites\/3\/2024\/10\/Facebook-Foto-de-perfil-275x275.png\" alt=\"Mem\u00f3ria do ref\u00fagio e da migra\u00e7\u00e3o em objetos\"\/><span>Mem\u00f3ria do ref\u00fagio e da migra\u00e7\u00e3o em objetos<\/span><\/a><\/li><li class=\"collection-list-item\" style=\"margin-bottom:12px\"><button type=\"button\" class=\"components-button has-icon\" aria-label=\"Remover\"><span class=\"dashicon dashicons dashicons-no-alt\"><\/span><\/button><a id=\"collection-id-5852\" href=\"https:\/\/museudascoisasbanais.com.br\/exposicao\/objetos-que-aproximam-dentro-de-casa\/\" class=\" \"><img decoding=\"async\" src=\"https:\/\/museudascoisasbanais.com.br\/exposicao\/wp-content\/uploads\/sites\/3\/2024\/10\/cropped-mcb1Footo-face-275x275.jpeg\" alt=\"OBJETOS QUE APROXIMAM: DENTRO DE CASA\"\/><span>OBJETOS QUE APROXIMAM: DENTRO DE CASA<\/span><\/a><\/li><\/ul><\/div>\n","protected":false},"excerpt":{"rendered":"","protected":false},"author":1,"featured_media":0,"parent":0,"menu_order":0,"comment_status":"closed","ping_status":"closed","template":"","meta":{"footnotes":""},"class_list":["post-6919","page","type-page","status-publish","hentry"],"_links":{"self":[{"href":"https:\/\/museudascoisasbanais.com.br\/exposicao\/wp-json\/wp\/v2\/pages\/6919"}],"collection":[{"href":"https:\/\/museudascoisasbanais.com.br\/exposicao\/wp-json\/wp\/v2\/pages"}],"about":[{"href":"https:\/\/museudascoisasbanais.com.br\/exposicao\/wp-json\/wp\/v2\/types\/page"}],"author":[{"embeddable":true,"href":"https:\/\/museudascoisasbanais.com.br\/exposicao\/wp-json\/wp\/v2\/users\/1"}],"replies":[{"embeddable":true,"href":"https:\/\/museudascoisasbanais.com.br\/exposicao\/wp-json\/wp\/v2\/comments?post=6919"}],"version-history":[{"count":1,"href":"https:\/\/museudascoisasbanais.com.br\/exposicao\/wp-json\/wp\/v2\/pages\/6919\/revisions"}],"predecessor-version":[{"id":6921,"href":"https:\/\/museudascoisasbanais.com.br\/exposicao\/wp-json\/wp\/v2\/pages\/6919\/revisions\/6921"}],"wp:attachment":[{"href":"https:\/\/museudascoisasbanais.com.br\/exposicao\/wp-json\/wp\/v2\/media?parent=6919"}],"curies":[{"name":"wp","href":"https:\/\/api.w.org\/{rel}","templated":true}]}}