{"id":5869,"date":"2024-10-17T19:34:14","date_gmt":"2024-10-17T22:34:14","guid":{"rendered":"https:\/\/museudascoisasbanais.com.br\/exposicao\/?page_id=5869"},"modified":"2025-07-16T16:17:48","modified_gmt":"2025-07-16T19:17:48","slug":"exposicao-objetos-que-aproximam","status":"publish","type":"page","link":"https:\/\/museudascoisasbanais.com.br\/exposicao\/exposicao-objetos-que-aproximam\/","title":{"rendered":"OBJETOS QUE APROXIMAM: DENTRO DE CASA"},"content":{"rendered":"\n<div class=\"wp-block-group is-layout-flow wp-block-group-is-layout-flow\">\n<figure class=\"wp-block-image alignwide size-large is-style-default\"><img decoding=\"async\" src=\"https:\/\/museudascoisasbanais.com.br\/wp-content\/uploads\/2021\/05\/mcb1Footo-face.jpeg\" alt=\"\" class=\"wp-image-13298\" \/><\/figure>\n\n\n\n<p class=\"has-text-align-right has-text-color has-background\" style=\"color:#f2f6f7;background-color:#618555\"><strong><em>                &#8220;A casa \u00e9 o nosso canto de mundo.\u201d (Gaston Bachelard)<\/em><\/strong><\/p>\n\n\n\n<p><\/p>\n\n\n\n<p class=\"has-text-color\" style=\"color:#212b18\"><strong>A <em>Exposi\u00e7\u00e3o Internacional Objetos que Aproximam: Dentro de Casa<\/em> tem como tema os objetos que est\u00e3o em casa junto conosco nesse momento de isolamento social devido a pandemia de Covid-19 e foi pensada a partir do entendimento de que os objetos, ao aproximar, podem ser suportes afetivos em momentos dif\u00edceis.&nbsp; Nesse momento, nossas casas, mais do que nunca, representam prote\u00e7\u00e3o.<\/strong> <strong>Os objetos tamb\u00e9m s\u00e3o nossas companhias. Por isso, convidamos as pessoas a compartilhar conosco os seus objetos afetivos e tivemos participa\u00e7\u00f5es de diversos pa\u00edses e de todos os cantos do Brasil. Foram tantos objetos recebidos que decidimos montar nossa pr\u00f3pria casa!<\/strong> <strong>A casa \u00e9 nosso primeiro universo. \u00c9 na casa que, desde pequenos, vamos explorando os lugares, encontrando cantos, aumentando as dist\u00e2ncias, desbravando as alturas, superando obst\u00e1culos. A casa guarda dentro de si quase tudo que nos pertence, assim, al\u00e9m das coisas, guarda tamb\u00e9m as nossas hist\u00f3rias de vida.<\/strong> <strong>Ao preservar estes vest\u00edgios, mais do que um abrigo material, a moradia representa tamb\u00e9m um ambiente de prote\u00e7\u00e3o da mem\u00f3ria, neste sentido, \u00e9 poss\u00edvel apreender a casa como um \u201cmuseu particular\u201d.<\/strong> <strong>A casa \u00e9 como uma gaveta, onde colocamos aquilo que queremos abrigar, proteger, preservar. Assim, ao abrirmos nossa casa para algu\u00e9m, tamb\u00e9m estamos abrindo a nossa intimidade, a nossa seguran\u00e7a. H\u00e1, portanto, algo de muito afetivo no ato de receber.<\/strong> <strong>A exposi\u00e7\u00e3o, como uma casa, \u00e9 dividida por c\u00f4modos e n\u00f3s, equipe do Museu das Coisas Banais, estamos muito contentes por receb\u00ea-los! Entrem! Abram as portas! Andem pela nossa casa e conhe\u00e7am todas as coisas, narrativas e mem\u00f3rias compartilhadas!&nbsp;<\/strong><\/p>\n\n\n\n<p class=\"has-text-align-right has-text-color has-background\" style=\"color:#f6fdf4;background-color:#618555\"><strong>Sejam bem-vindos!<\/strong><\/p>\n<\/div>\n\n\n\n<div class=\"wp-block-tainacan-terms-list alignwide\" data-module=\"terms-list\"><ul class=\"terms-list  terms-layout-grid\"><li class=\"term-list-item\"><button type=\"button\" class=\"components-button has-icon\" aria-label=\"Remover\"><span class=\"dashicon dashicons dashicons-no-alt\"><\/span><\/button><a id=\"term-id-2\" href=\"https:\/\/museudascoisasbanais.com.br\/exposicao\/casa\/area-de-servico-e-quintal\/\" class=\" \"><img decoding=\"async\" src=\"https:\/\/museudascoisasbanais.com.br\/exposicao\/wp-content\/uploads\/sites\/3\/2024\/10\/Area_Externa_-275x275.png\" alt=\"\u00c1rea de servi\u00e7o e Quintal\" \/><span>\u00c1rea de servi\u00e7o e Quintal<\/span><\/a><\/li><li class=\"term-list-item\"><button type=\"button\" class=\"components-button has-icon\" aria-label=\"Remover\"><span class=\"dashicon dashicons dashicons-no-alt\"><\/span><\/button><a id=\"term-id-5\" href=\"https:\/\/museudascoisasbanais.com.br\/exposicao\/casa\/escritorio\/\" class=\" \"><img decoding=\"async\" src=\"https:\/\/museudascoisasbanais.com.br\/exposicao\/wp-content\/uploads\/sites\/3\/2024\/10\/Escritorio_-1-275x275.png\" alt=\"Escrit\u00f3rio\" \/><span>Escrit\u00f3rio<\/span><\/a><\/li><li class=\"term-list-item\"><button type=\"button\" class=\"components-button has-icon\" aria-label=\"Remover\"><span class=\"dashicon dashicons dashicons-no-alt\"><\/span><\/button><a id=\"term-id-8\" href=\"https:\/\/museudascoisasbanais.com.br\/exposicao\/casa\/quarto-adulto\/\" class=\" \"><img decoding=\"async\" src=\"https:\/\/museudascoisasbanais.com.br\/exposicao\/wp-content\/uploads\/sites\/3\/2024\/10\/Quarto_Adulto-275x275.png\" alt=\"Quarto adulto\" \/><span>Quarto adulto<\/span><\/a><\/li><li class=\"term-list-item\"><button type=\"button\" class=\"components-button has-icon\" aria-label=\"Remover\"><span class=\"dashicon dashicons dashicons-no-alt\"><\/span><\/button><a id=\"term-id-11\" href=\"https:\/\/museudascoisasbanais.com.br\/exposicao\/casa\/sala-de-jantar\/\" class=\" \"><img decoding=\"async\" src=\"https:\/\/museudascoisasbanais.com.br\/exposicao\/wp-content\/uploads\/sites\/3\/2024\/10\/Sala_De_Jantar-275x275.png\" alt=\"Sala de jantar\" \/><span>Sala de jantar<\/span><\/a><\/li><li class=\"term-list-item\"><button type=\"button\" class=\"components-button has-icon\" aria-label=\"Remover\"><span class=\"dashicon dashicons dashicons-no-alt\"><\/span><\/button><a id=\"term-id-6\" href=\"https:\/\/museudascoisasbanais.com.br\/exposicao\/casa\/garagem\/\" class=\" \"><img decoding=\"async\" src=\"https:\/\/museudascoisasbanais.com.br\/exposicao\/wp-content\/uploads\/sites\/3\/2024\/10\/Garagem_-275x275.png\" alt=\"Garagem\" \/><span>Garagem<\/span><\/a><\/li><li class=\"term-list-item\"><button type=\"button\" class=\"components-button has-icon\" aria-label=\"Remover\"><span class=\"dashicon dashicons dashicons-no-alt\"><\/span><\/button><a id=\"term-id-9\" href=\"https:\/\/museudascoisasbanais.com.br\/exposicao\/casa\/quarto-das-criancas\/\" class=\" \"><img decoding=\"async\" src=\"https:\/\/museudascoisasbanais.com.br\/exposicao\/wp-content\/uploads\/sites\/3\/2024\/10\/Quarto_Das_Criancas_-275x275.png\" alt=\"Quarto das crian\u00e7as\" \/><span>Quarto das crian\u00e7as<\/span><\/a><\/li><li class=\"term-list-item\"><button type=\"button\" class=\"components-button has-icon\" aria-label=\"Remover\"><span class=\"dashicon dashicons dashicons-no-alt\"><\/span><\/button><a id=\"term-id-3\" href=\"https:\/\/museudascoisasbanais.com.br\/exposicao\/casa\/banheiro\/\" class=\" \"><img decoding=\"async\" src=\"https:\/\/museudascoisasbanais.com.br\/exposicao\/wp-content\/uploads\/sites\/3\/2024\/10\/Banheiro-275x275.png\" alt=\"Banheiro\" \/><span>Banheiro<\/span><\/a><\/li><li class=\"term-list-item\"><button type=\"button\" class=\"components-button has-icon\" aria-label=\"Remover\"><span class=\"dashicon dashicons dashicons-no-alt\"><\/span><\/button><a id=\"term-id-4\" href=\"https:\/\/museudascoisasbanais.com.br\/exposicao\/casa\/cozinha\/\" class=\" \"><img decoding=\"async\" src=\"https:\/\/museudascoisasbanais.com.br\/exposicao\/wp-content\/uploads\/sites\/3\/2024\/10\/Cozinha-275x275.png\" alt=\"Cozinha\" \/><span>Cozinha<\/span><\/a><\/li><li class=\"term-list-item\"><button type=\"button\" class=\"components-button has-icon\" aria-label=\"Remover\"><span class=\"dashicon dashicons dashicons-no-alt\"><\/span><\/button><a id=\"term-id-7\" href=\"https:\/\/museudascoisasbanais.com.br\/exposicao\/casa\/porao\/\" class=\" \"><img decoding=\"async\" src=\"https:\/\/museudascoisasbanais.com.br\/exposicao\/wp-content\/uploads\/sites\/3\/2024\/10\/Ilustracao-Porao-275x275.png\" alt=\"Por\u00e3o\" \/><span>Por\u00e3o<\/span><\/a><\/li><li class=\"term-list-item\"><button type=\"button\" class=\"components-button has-icon\" aria-label=\"Remover\"><span class=\"dashicon dashicons dashicons-no-alt\"><\/span><\/button><a id=\"term-id-10\" href=\"https:\/\/museudascoisasbanais.com.br\/exposicao\/casa\/sala-de-estar\/\" class=\" \"><img decoding=\"async\" src=\"https:\/\/museudascoisasbanais.com.br\/exposicao\/wp-content\/uploads\/sites\/3\/2024\/10\/Sala_De_Estar_-275x275.png\" alt=\"Sala de estar\" \/><span>Sala de estar<\/span><\/a><\/li><\/ul><\/div>\n\n\n\n<p><\/p>\n\n\n\n<p><\/p>\n\n\n\n<p class=\"has-background\" style=\"background-color:#f9fcfa\"><strong>FICHA T\u00c9CNICA<\/strong><br><strong>Realiza\u00e7\u00e3o:<\/strong>&nbsp;Museu das Coisas Banais<br><strong>Coordena\u00e7\u00e3o:<\/strong>&nbsp;Juliane Serres<br><strong>Curadoria:&nbsp;<\/strong>Joana Schneider<br><strong>Textos:<\/strong>&nbsp;Joana Schneider<br><strong>Cria\u00e7\u00e3o gr\u00e1fica \/ Ilustra\u00e7\u00f5es:<\/strong>&nbsp;Pedro Parente, Greice \u00c1vila Marques, Rafaella Petrucci Alvetti<br><strong>Layout da planta baixa:<\/strong>&nbsp;Yuri Oliveira Tomberg<br><strong>Montagem:<\/strong>&nbsp;Juliane Serres, Joana Schneider, Leonardo Monteiro Alves, Nara Farias \u00c1vila e Rafaella Petrucci Alvetti<br><strong>Tradu\u00e7\u00f5es:<\/strong>&nbsp;Gabriela \u00c1vila Marques<br><strong>Pesquisa \/ cataloga\u00e7\u00e3o:<\/strong>&nbsp;Leonardo Monteiro Alves e Nara Farias \u00c1vila<br><strong>Suporte t\u00e9cnico:<\/strong>&nbsp;Rafael Nascimento, Nara Farias \u00c1vila e Leonardo Monteiro Alves<\/p>\n\n\n\n<p><\/p>\n\n\n\n<p><\/p>\n\n\n\n<div class=\"wp-block-group is-layout-flow wp-block-group-is-layout-flow\">\n<p><\/p>\n<\/div>\n","protected":false},"excerpt":{"rendered":"<p>&#8220;A casa \u00e9 o nosso canto de mundo.\u201d (Gaston Bachelard) A Exposi\u00e7\u00e3o Internacional Objetos que Aproximam: Dentro de Casa tem como tema os objetos que est\u00e3o em casa junto conosco nesse momento de isolamento social devido a pandemia de Covid-19 e foi pensada a partir do entendimento de que os objetos, ao aproximar, podem ser [&hellip;]<\/p>\n","protected":false},"author":1,"featured_media":0,"parent":0,"menu_order":0,"comment_status":"closed","ping_status":"closed","template":"","meta":{"footnotes":""},"class_list":["post-5869","page","type-page","status-publish","hentry"],"_links":{"self":[{"href":"https:\/\/museudascoisasbanais.com.br\/exposicao\/wp-json\/wp\/v2\/pages\/5869"}],"collection":[{"href":"https:\/\/museudascoisasbanais.com.br\/exposicao\/wp-json\/wp\/v2\/pages"}],"about":[{"href":"https:\/\/museudascoisasbanais.com.br\/exposicao\/wp-json\/wp\/v2\/types\/page"}],"author":[{"embeddable":true,"href":"https:\/\/museudascoisasbanais.com.br\/exposicao\/wp-json\/wp\/v2\/users\/1"}],"replies":[{"embeddable":true,"href":"https:\/\/museudascoisasbanais.com.br\/exposicao\/wp-json\/wp\/v2\/comments?post=5869"}],"version-history":[{"count":6,"href":"https:\/\/museudascoisasbanais.com.br\/exposicao\/wp-json\/wp\/v2\/pages\/5869\/revisions"}],"predecessor-version":[{"id":6951,"href":"https:\/\/museudascoisasbanais.com.br\/exposicao\/wp-json\/wp\/v2\/pages\/5869\/revisions\/6951"}],"wp:attachment":[{"href":"https:\/\/museudascoisasbanais.com.br\/exposicao\/wp-json\/wp\/v2\/media?parent=5869"}],"curies":[{"name":"wp","href":"https:\/\/api.w.org\/{rel}","templated":true}]}}